
{"id":5953,"date":"2024-03-04T23:43:54","date_gmt":"2024-03-04T23:43:54","guid":{"rendered":"https:\/\/agraficas.com\/?page_id=5953"},"modified":"2024-06-19T16:13:54","modified_gmt":"2024-06-19T16:13:54","slug":"flexografia-2","status":"publish","type":"page","link":"https:\/\/agraficas.com\/en\/flexografia-2\/","title":{"rendered":"Flexograf\u00eda respaldo"},"content":{"rendered":"<div id=\"fws_69f3d798a0daf\"  data-column-margin=\"none\" data-midnight=\"dark\" data-top-percent=\"8%\"  class=\"wpb_row vc_row-fluid vc_row full-width-content vc_row-o-equal-height vc_row-flex vc_row-o-content-top parallax_section right_padding_6pct left_padding_6pct\"  style=\"padding-top: calc(100vw * 0.08); padding-bottom: 0px; \"><div class=\"row-bg-wrap\" data-bg-animation=\"none\" data-bg-animation-delay=\"\" data-bg-overlay=\"false\"><div class=\"inner-wrap row-bg-layer\" ><div class=\"row-bg viewport-desktop\" data-parallax-speed=\"fast\" style=\"\"><\/div><\/div><div class=\"row-bg-overlay row-bg-layer\" style=\"background:radial-gradient(circle at top right, rgb(129, 211, 255) 0%, rgba(243,243,243,0) 41%);\"><\/div><\/div><div class=\"row_col_wrap_12 col span_12 dark left\">\n\t<div  class=\"vc_col-sm-6 wpb_column column_container vc_column_container col centered-text no-extra-padding el_spacing_0px inherit_tablet inherit_phone\"  data-padding-pos=\"all\" data-has-bg-color=\"false\" data-bg-color=\"\" data-bg-opacity=\"1\" data-animation=\"\" data-delay=\"0\" >\n\t\t<div class=\"vc_column-inner\" >\n\t\t\t<div class=\"wpb_wrapper\">\n\t\t\t\t<div id=\"fws_69f3d798a1772\" data-midnight=\"\" data-column-margin=\"default\" class=\"wpb_row vc_row-fluid vc_row inner_row  min_width_desktop_175px row_position_absolute top_position_desktop_0px right_position_desktop_0px translate_y_-50pct translate_x_50pct\"  style=\" z-index: 100;\"><div class=\"row-bg-wrap\"> <div class=\"row-bg\" ><\/div> <\/div><div class=\"row_col_wrap_12_inner col span_12  left\">\n\t<div  class=\"vc_col-sm-12 vc_hidden-sm vc_hidden-xs wpb_column column_container vc_column_container col child_column no-extra-padding inherit_tablet inherit_phone\"   data-padding-pos=\"all\" data-has-bg-color=\"false\" data-bg-color=\"\" data-bg-opacity=\"1\" data-animation=\"\" data-delay=\"0\" >\n\t\t<div class=\"vc_column-inner\" >\n\t\t<div class=\"wpb_wrapper\">\n\t\t\t<div class=\"img-with-aniamtion-wrap  custom-width-175px looped-animation-rotate\" data-max-width=\"custom\" data-max-width-mobile=\"default\" data-shadow=\"none\" data-animation=\"none\" >\n      <div class=\"inner\">\n        <div class=\"hover-wrap\"> \n          <div class=\"hover-wrap-inner\">\n            <img loading=\"lazy\" decoding=\"async\" class=\"img-with-animation skip-lazy dark-filter\" data-delay=\"0\" height=\"835\" width=\"837\" data-animation=\"none\" src=\"https:\/\/agraficas.com\/wp-content\/uploads\/2024\/03\/ARTES-GRAFICAS.png\" alt=\"\" srcset=\"https:\/\/agraficas.com\/wp-content\/uploads\/2024\/03\/ARTES-GRAFICAS.png 837w, https:\/\/agraficas.com\/wp-content\/uploads\/2024\/03\/ARTES-GRAFICAS-300x300.png 300w, https:\/\/agraficas.com\/wp-content\/uploads\/2024\/03\/ARTES-GRAFICAS-150x150.png 150w, https:\/\/agraficas.com\/wp-content\/uploads\/2024\/03\/ARTES-GRAFICAS-768x766.png 768w, https:\/\/agraficas.com\/wp-content\/uploads\/2024\/03\/ARTES-GRAFICAS-140x140.png 140w, https:\/\/agraficas.com\/wp-content\/uploads\/2024\/03\/ARTES-GRAFICAS-100x100.png 100w, https:\/\/agraficas.com\/wp-content\/uploads\/2024\/03\/ARTES-GRAFICAS-500x500.png 500w, https:\/\/agraficas.com\/wp-content\/uploads\/2024\/03\/ARTES-GRAFICAS-350x350.png 350w\" sizes=\"(max-width: 837px) 100vw, 837px\" \/>\n          <\/div>\n        <\/div>\n      <\/div>\n    <\/div>\n\t\t<\/div> \n\t<\/div>\n\t<\/div> \n<\/div><\/div><div id=\"fws_69f3d798a26f6\" data-midnight=\"\" data-column-margin=\"none\" class=\"wpb_row vc_row-fluid vc_row inner_row  bottom_padding_tablet_8pct\"  style=\"\"><div class=\"row-bg-wrap\"> <div class=\"row-bg\" ><\/div> <\/div><div class=\"row_col_wrap_12_inner col span_12  left\">\n\t<div style=\"\" class=\"vc_col-sm-12 wpb_column column_container vc_column_container col child_column no-extra-padding inherit_tablet inherit_phone\"  data-using-bg=\"true\" data-bg-cover=\"true\" data-padding-pos=\"all\" data-has-bg-color=\"false\" data-bg-color=\"\" data-bg-opacity=\"1\" data-animation=\"\" data-delay=\"0\" >\n\t\t<div class=\"vc_column-inner\" ><div class=\"column-image-bg-wrap column-bg-layer viewport-desktop\" data-bg-pos=\"center center\" data-bg-animation=\"none\" data-bg-overlay=\"false\"><div class=\"inner-wrap\"><div class=\"column-image-bg\" style=\" background-image: url('https:\/\/agraficas.com\/wp-content\/uploads\/2024\/03\/Imprenta-27-ene-24-230.jpg'); \"><\/div><\/div><\/div>\n\t\t<div class=\"wpb_wrapper\">\n\t\t\t<div class=\"divider-wrap height_tablet_450px\" data-alignment=\"default\"><div style=\"height: 90vh;\" class=\"divider\"><\/div><\/div>\n\t\t<\/div> \n\t<\/div>\n\t<\/div> \n<\/div><\/div>\n\t\t\t<\/div> \n\t\t<\/div>\n\t<\/div> \n\n\t<div  class=\"vc_col-sm-6 wpb_column column_container vc_column_container col padding-14-percent no-extra-padding_tablet no-extra-padding_phone\"  data-padding-pos=\"left\" data-has-bg-color=\"false\" data-bg-color=\"\" data-bg-opacity=\"1\" data-animation=\"\" data-delay=\"0\" data-scroll-animation=\"true\" data-scroll-animation-movement=\"default\" data-scroll-animation-mobile=\"\" data-scroll-animation-intensity=\"1.75\" >\n\t\t<div class=\"vc_column-inner\" >\n\t\t\t<div class=\"wpb_wrapper\">\n\t\t\t\t<div id=\"fws_69f3d798a375e\" data-midnight=\"\" data-column-margin=\"default\" class=\"wpb_row vc_row-fluid vc_row inner_row  top_padding_tablet_0px top_padding_phone_0px\"  style=\"padding-top: 0vh; padding-bottom: 15px; \"><div class=\"row-bg-wrap\"> <div class=\"row-bg\" ><\/div> <\/div><div class=\"row_col_wrap_12_inner col span_12  left\">\n\t<div  class=\"vc_col-sm-12 wpb_column column_container vc_column_container col child_column has-animation no-extra-padding inherit_tablet inherit_phone\"   data-padding-pos=\"all\" data-has-bg-color=\"false\" data-bg-color=\"\" data-bg-opacity=\"1\" data-animation=\"fade-in-from-bottom\" data-delay=\"0\" >\n\t\t<div class=\"vc_column-inner\" >\n\t\t<div class=\"wpb_wrapper\">\n\t\t\t\n<div class=\"wpb_text_column wpb_content_element\" >\n\t<div class=\"wpb_wrapper\">\n\t\t<h5>The best side of your products<\/h5>\n\t<\/div>\n<\/div>\n\n\n\n\n\t\t<\/div> \n\t<\/div>\n\t<\/div> \n<\/div><\/div><div id=\"fws_69f3d798a3e8d\" data-midnight=\"\" data-column-margin=\"default\" class=\"wpb_row vc_row-fluid vc_row inner_row\"  style=\"\"><div class=\"row-bg-wrap\"> <div class=\"row-bg\" ><\/div> <\/div><div class=\"row_col_wrap_12_inner col span_12  left\">\n\t<div  class=\"vc_col-sm-12 wpb_column column_container vc_column_container col child_column no-extra-padding el_spacing_0px inherit_tablet inherit_phone\"   data-padding-pos=\"all\" data-has-bg-color=\"false\" data-bg-color=\"\" data-bg-opacity=\"1\" data-animation=\"\" data-delay=\"0\" >\n\t\t<div class=\"vc_column-inner\" >\n\t\t<div class=\"wpb_wrapper\">\n\t\t\t<div class=\"nectar-split-heading  font_size_4vw font_line_height_0-9\" data-align=\"default\" data-m-align=\"inherit\" data-text-effect=\"default\" data-animation-type=\"line-reveal-by-space\" data-animation-delay=\"0\" data-animation-offset=\"\" data-m-rm-animation=\"\" data-stagger=\"true\" data-custom-font-size=\"true\" style=\"font-size: 4vw; line-height: 4.4vw;\"><h1 style=\"max-width: 85%;\">Flexography<\/h1><\/div>\n\t\t<\/div> \n\t<\/div>\n\t<\/div> \n<\/div><\/div><div id=\"fws_69f3d798a459a\" data-midnight=\"\" data-column-margin=\"default\" class=\"wpb_row vc_row-fluid vc_row inner_row\"  style=\"padding-top: 4%;  z-index: 100;\"><div class=\"row-bg-wrap\"> <div class=\"row-bg\" ><\/div> <\/div><div class=\"row_col_wrap_12_inner col span_12  left\">\n\t<div  class=\"vc_col-sm-12 wpb_column column_container vc_column_container col child_column has-animation no-extra-padding inherit_tablet inherit_phone\"   data-padding-pos=\"all\" data-has-bg-color=\"false\" data-bg-color=\"\" data-bg-opacity=\"1\" data-animation=\"fade-in-from-bottom\" data-delay=\"0\" >\n\t\t<div class=\"vc_column-inner\" >\n\t\t<div class=\"wpb_wrapper\">\n\t\t\t<div class=\"nectar-split-heading  font_size_1-17vw font_size_tablet_16px font_line_height_1-8\" data-align=\"default\" data-m-align=\"inherit\" data-text-effect=\"none\" data-animation-type=\"line-reveal-by-space\" data-animation-delay=\"0\" data-animation-offset=\"\" data-m-rm-animation=\"\" data-stagger=\"\" data-custom-font-size=\"true\" style=\"font-size: 1.17vw; line-height: 1.287vw;\"><p >We have a wide variety of dies for the design of your label. With the option of printing from one to 8 inks, printing front and back.<\/p><\/div><div class=\"nectar-split-heading  font_size_1-17vw font_size_tablet_16px font_line_height_1-8\" data-align=\"default\" data-m-align=\"inherit\" data-text-effect=\"none\" data-animation-type=\"line-reveal-by-space\" data-animation-delay=\"0\" data-animation-offset=\"\" data-m-rm-animation=\"\" data-stagger=\"\" data-custom-font-size=\"true\" style=\"font-size: 1.17vw; line-height: 1.287vw;\"><p >We have a wide portfolio of finishes for flexography such as:<\/p><\/div><div class=\"nectar-fancy-ul\" data-list-icon=\"icon-salient-check\" data-animation=\"true\" data-animation-delay=\"0\" data-color=\"accent-color\" data-spacing=\"15px\" data-alignment=\"left\"> \n<div class=\"page\" title=\"Page 15\">\n<div class=\"section\">\n<div class=\"layoutArea\">\n<div class=\"column\">\n<ul>\n<li>Glossy U.V. varnish<\/li>\n<li>Matt U.V. varnish<\/li>\n<li>Matte or glossy laminates<\/li>\n<\/ul>\n<\/div>\n<\/div>\n<\/div>\n<\/div>\n <\/div>\n\t\t<\/div> \n\t<\/div>\n\t<\/div> \n<\/div><\/div>\n\t\t\t<\/div> \n\t\t<\/div>\n\t<\/div> \n<\/div><\/div>\n\t\t<div id=\"fws_69f3d798a4fd7\"  data-column-margin=\"default\" data-midnight=\"dark\" data-top-percent=\"2%\" data-bottom-percent=\"4%\"  class=\"wpb_row vc_row-fluid vc_row full-width-section  right_padding_8pct left_padding_8pct top_padding_tablet_8pct bottom_padding_tablet_8pct right_padding_phone_0px left_padding_phone_0px\"  style=\"padding-top: calc(100vw * 0.02); padding-bottom: calc(100vw * 0.04); \"><div class=\"row-bg-wrap\" data-bg-animation=\"none\" data-bg-animation-delay=\"\" data-bg-overlay=\"false\"><div class=\"inner-wrap row-bg-layer\" ><div class=\"row-bg viewport-desktop using-bg-color\"  style=\"background-color: #ffffff; \"><\/div><\/div><\/div><div class=\"row_col_wrap_12 col span_12 dark left\">\n\t<div  class=\"vc_col-sm-12 wpb_column column_container vc_column_container col no-extra-padding inherit_tablet inherit_phone\"  data-padding-pos=\"all\" data-has-bg-color=\"false\" data-bg-color=\"\" data-bg-opacity=\"1\" data-animation=\"\" data-delay=\"0\" >\n\t\t<div class=\"vc_column-inner\" >\n\t\t\t<div class=\"wpb_wrapper\">\n\t\t\t\t<div id=\"fws_69f3d798a5536\" data-midnight=\"\" data-column-margin=\"90px\" class=\"wpb_row vc_row-fluid vc_row inner_row vc_row-o-equal-height vc_row-flex vc_row-o-content-middle reverse_columns_column_tablet reverse_columns_column_phone\"  style=\"\"><div class=\"row-bg-wrap\"> <div class=\"row-bg\" ><\/div> <\/div><div class=\"row_col_wrap_12_inner col span_12  left\">\n\t<div style=\"margin-top: 6%; \" class=\"vc_col-sm-6 wpb_column column_container vc_column_container col child_column padding-4-percent top_margin_tablet_0px top_margin_phone_4pct inherit_tablet no-extra-padding_phone\"   data-padding-pos=\"all\" data-has-bg-color=\"false\" data-bg-color=\"\" data-bg-opacity=\"1\" data-animation=\"\" data-delay=\"0\" >\n\t\t<div class=\"vc_column-inner\" >\n\t\t<div class=\"wpb_wrapper\">\n\t\t\t<div class=\"nectar-split-heading\" data-align=\"default\" data-m-align=\"inherit\" data-text-effect=\"default\" data-animation-type=\"line-reveal-by-space\" data-animation-delay=\"0\" data-animation-offset=\"\" data-m-rm-animation=\"\" data-stagger=\"true\" data-custom-font-size=\"false\" ><h4 style=\"max-width: 550px;\">Wide variety of materials<\/h4><\/div>\n<div class=\"wpb_text_column wpb_content_element\" style=\" max-width: 550px; display: inline-block;\">\n\t<div class=\"wpb_wrapper\">\n\t\t<p>Our materials are: polyester plastic films, paper labels with adhesive, without adhesive, coated or uncoated paper, metallized, direct thermal bopp, transparent heat sealable bopp, holographic, thermal transfer paper, direct thermal paper, self-adhesive kraft paper, special paper for wine and beer.<\/p>\n\t<\/div>\n<\/div>\n\n\n\n\n\t\t<\/div> \n\t<\/div>\n\t<\/div> \n\n\t<div  class=\"vc_col-sm-6 wpb_column column_container vc_column_container col child_column padding-4-percent no-extra-padding_tablet no-extra-padding_phone\"   data-padding-pos=\"all\" data-has-bg-color=\"false\" data-bg-color=\"\" data-bg-opacity=\"1\" data-animation=\"\" data-delay=\"0\" >\n\t\t<div class=\"vc_column-inner\" >\n\t\t<div class=\"wpb_wrapper\">\n\t\t\t<div class=\"img-with-aniamtion-wrap  nectar-el-parallax-scroll\" data-max-width=\"100%\" data-max-width-mobile=\"default\" data-shadow=\"none\" data-animation=\"none\" data-scroll-animation=\"true\" data-scroll-animation-movement=\"transform_y\" data-scroll-animation-mobile=\"\" data-scroll-animation-intensity=\"2\" >\n      <div class=\"inner\">\n        <div class=\"hover-wrap\"> \n          <div class=\"hover-wrap-inner\">\n            <img loading=\"lazy\" decoding=\"async\" class=\"img-with-animation skip-lazy\" data-delay=\"0\" height=\"1733\" width=\"1300\" data-animation=\"none\" src=\"https:\/\/agraficas.com\/wp-content\/uploads\/2024\/05\/IMG_0042.jpg\" alt=\"\" srcset=\"https:\/\/agraficas.com\/wp-content\/uploads\/2024\/05\/IMG_0042.jpg 1300w, https:\/\/agraficas.com\/wp-content\/uploads\/2024\/05\/IMG_0042-225x300.jpg 225w, https:\/\/agraficas.com\/wp-content\/uploads\/2024\/05\/IMG_0042-768x1024.jpg 768w, https:\/\/agraficas.com\/wp-content\/uploads\/2024\/05\/IMG_0042-1152x1536.jpg 1152w\" sizes=\"(max-width: 1300px) 100vw, 1300px\" \/>\n          <\/div>\n        <\/div>\n      <\/div>\n    <\/div>\n\t\t<\/div> \n\t<\/div>\n\t<\/div> \n<\/div><\/div>\n\t\t\t<\/div> \n\t\t<\/div>\n\t<\/div> \n<\/div><\/div>\n\t\t<div id=\"fws_69f3d798a69e2\"  data-column-margin=\"default\" data-midnight=\"dark\"  class=\"wpb_row vc_row-fluid vc_row\"  style=\"padding-top: 20px; padding-bottom: 20px; \"><div class=\"row-bg-wrap\" data-bg-animation=\"none\" data-bg-animation-delay=\"\" data-bg-overlay=\"false\"><div class=\"inner-wrap row-bg-layer\" ><div class=\"row-bg viewport-desktop\"  style=\"\"><\/div><\/div><\/div><div class=\"row_col_wrap_12 col span_12 dark left\">\n\t<div  class=\"vc_col-sm-12 wpb_column column_container vc_column_container col no-extra-padding inherit_tablet inherit_phone\"  data-padding-pos=\"all\" data-has-bg-color=\"false\" data-bg-color=\"\" data-bg-opacity=\"1\" data-animation=\"\" data-delay=\"0\" >\n\t\t<div class=\"vc_column-inner\" >\n\t\t\t<div class=\"wpb_wrapper\">\n\t\t\t\t<div class=\"img-with-aniamtion-wrap center top_position_desktop_2px bottom_position_desktop_2px\" data-max-width=\"100%\" data-max-width-mobile=\"default\" data-shadow=\"none\" data-animation=\"ro-reveal-from-bottom\" >\n      <div class=\"inner\">\n        <div class=\"hover-wrap\"> \n          <div class=\"hover-wrap-inner\">\n            <img loading=\"lazy\" decoding=\"async\" class=\"img-with-animation skip-lazy\" data-delay=\"0\" height=\"218\" width=\"940\" data-animation=\"ro-reveal-from-bottom\" src=\"https:\/\/agraficas.com\/wp-content\/uploads\/2024\/03\/imprenta-nilpeter.jpg\" alt=\"\" srcset=\"https:\/\/agraficas.com\/wp-content\/uploads\/2024\/03\/imprenta-nilpeter.jpg 940w, https:\/\/agraficas.com\/wp-content\/uploads\/2024\/03\/imprenta-nilpeter-300x70.jpg 300w, https:\/\/agraficas.com\/wp-content\/uploads\/2024\/03\/imprenta-nilpeter-768x178.jpg 768w\" sizes=\"(max-width: 940px) 100vw, 940px\" \/>\n          <\/div>\n        <\/div>\n      <\/div>\n    <\/div>\n\t\t\t<\/div> \n\t\t<\/div>\n\t<\/div> \n<\/div><\/div>\n\t\t<div id=\"fws_69f3d798a961b\"  data-column-margin=\"40px\" data-midnight=\"dark\" data-top-percent=\"5%\" data-bottom-percent=\"5%\"  class=\"wpb_row vc_row-fluid vc_row full-width-section vc_row-o-equal-height vc_row-flex vc_row-o-content-middle\"  style=\"padding-top: calc(100vw * 0.05); padding-bottom: calc(100vw * 0.05); \"><div class=\"row-bg-wrap\" data-bg-animation=\"none\" data-bg-animation-delay=\"\" data-bg-overlay=\"false\"><div class=\"inner-wrap row-bg-layer\" ><div class=\"row-bg viewport-desktop using-bg-color\"  style=\"background-color: #efe9e9; \"><\/div><\/div><\/div><div class=\"row_col_wrap_12 col span_12 dark left\">\n\t<div  class=\"vc_col-sm-6 wpb_column column_container vc_column_container col has-animation no-extra-padding inherit_tablet inherit_phone\"  data-padding-pos=\"all\" data-has-bg-color=\"false\" data-bg-color=\"\" data-bg-opacity=\"1\" data-animation=\"fade-in-from-bottom\" data-delay=\"0\" >\n\t\t<div class=\"vc_column-inner\" >\n\t\t\t<div class=\"wpb_wrapper\">\n\t\t\t\t<div id=\"fws_69f3d798a9b8f\" data-midnight=\"\" data-column-margin=\"40px\" class=\"wpb_row vc_row-fluid vc_row inner_row vc_row-o-equal-height vc_row-flex vc_row-o-content-middle\"  style=\"\"><div class=\"row-bg-wrap\"> <div class=\"row-bg\" ><\/div> <\/div><div class=\"row_col_wrap_12_inner col span_12  left\">\n\t<div  class=\"vc_col-sm-4 vc_col-xs-6 wpb_column column_container vc_column_container col child_column no-extra-padding inherit_tablet inherit_phone\"   data-padding-pos=\"all\" data-has-bg-color=\"false\" data-bg-color=\"\" data-bg-opacity=\"1\" data-animation=\"\" data-delay=\"0\" >\n\t\t<div class=\"vc_column-inner\" >\n\t\t<div class=\"wpb_wrapper\">\n\t\t\t<div class=\"img-with-aniamtion-wrap  nectar-el-parallax-scroll\" data-max-width=\"100%\" data-max-width-mobile=\"default\" data-shadow=\"none\" data-animation=\"none\"  style=\"margin-bottom: 30px; \"data-scroll-animation=\"true\" data-scroll-animation-movement=\"transform_y\" data-scroll-animation-mobile=\"\" data-scroll-animation-intensity=\"3\" >\n      <div class=\"inner\">\n        <div class=\"hover-wrap\"> \n          <div class=\"hover-wrap-inner\">\n            <img loading=\"lazy\" decoding=\"async\" class=\"img-with-animation skip-lazy  nectar-lazy\" data-delay=\"0\" height=\"1300\" width=\"975\" data-animation=\"none\" data-nectar-img-src=\"https:\/\/agraficas.com\/wp-content\/uploads\/2024\/03\/IMG_6973.jpg\" src=\"data:image\/svg+xml;charset=utf-8,%3Csvg%20xmlns%3D'http%3A%2F%2Fwww.w3.org%2F2000%2Fsvg'%20viewBox%3D'0%200%20975%201300'%2F%3E\" alt=\"\" data-nectar-img-srcset=\"https:\/\/agraficas.com\/wp-content\/uploads\/2024\/03\/IMG_6973.jpg 975w, https:\/\/agraficas.com\/wp-content\/uploads\/2024\/03\/IMG_6973-225x300.jpg 225w, https:\/\/agraficas.com\/wp-content\/uploads\/2024\/03\/IMG_6973-768x1024.jpg 768w\" sizes=\"(max-width: 975px) 100vw, 975px\" \/>\n          <\/div>\n        <\/div>\n      <\/div>\n    <\/div><div class=\"img-with-aniamtion-wrap right nectar-el-parallax-scroll\" data-max-width=\"100%\" data-max-width-mobile=\"default\" data-shadow=\"none\" data-animation=\"none\" data-scroll-animation=\"true\" data-scroll-animation-movement=\"transform_y\" data-scroll-animation-mobile=\"\" data-scroll-animation-intensity=\"3\" >\n      <div class=\"inner\">\n        <div class=\"hover-wrap\"> \n          <div class=\"hover-wrap-inner\">\n            <img loading=\"lazy\" decoding=\"async\" class=\"img-with-animation skip-lazy  nectar-lazy\" data-delay=\"0\" height=\"1300\" width=\"975\" data-animation=\"none\" data-nectar-img-src=\"https:\/\/agraficas.com\/wp-content\/uploads\/2024\/03\/IMG_6955.jpg\" src=\"data:image\/svg+xml;charset=utf-8,%3Csvg%20xmlns%3D'http%3A%2F%2Fwww.w3.org%2F2000%2Fsvg'%20viewBox%3D'0%200%20975%201300'%2F%3E\" alt=\"\" data-nectar-img-srcset=\"https:\/\/agraficas.com\/wp-content\/uploads\/2024\/03\/IMG_6955.jpg 975w, https:\/\/agraficas.com\/wp-content\/uploads\/2024\/03\/IMG_6955-225x300.jpg 225w, https:\/\/agraficas.com\/wp-content\/uploads\/2024\/03\/IMG_6955-768x1024.jpg 768w\" sizes=\"(max-width: 975px) 100vw, 975px\" \/>\n          <\/div>\n        <\/div>\n      <\/div>\n    <\/div>\n\t\t<\/div> \n\t<\/div>\n\t<\/div> \n\n\t<div  class=\"vc_col-sm-8 vc_col-xs-6 wpb_column column_container vc_column_container col child_column no-extra-padding inherit_tablet inherit_phone\"   data-padding-pos=\"all\" data-has-bg-color=\"false\" data-bg-color=\"\" data-bg-opacity=\"1\" data-animation=\"\" data-delay=\"0\" >\n\t\t<div class=\"vc_column-inner\" >\n\t\t<div class=\"wpb_wrapper\">\n\t\t\t<div class=\"img-with-aniamtion-wrap  nectar-el-parallax-scroll\" data-max-width=\"100%\" data-max-width-mobile=\"default\" data-shadow=\"none\" data-animation=\"none\"  style=\"margin-bottom: 30px; \"data-scroll-animation=\"true\" data-scroll-animation-movement=\"transform_y\" data-scroll-animation-mobile=\"\" data-scroll-animation-intensity=\"2\" >\n      <div class=\"inner\">\n        <div class=\"hover-wrap\"> \n          <div class=\"hover-wrap-inner\">\n            <img loading=\"lazy\" decoding=\"async\" class=\"img-with-animation skip-lazy  nectar-lazy\" data-delay=\"0\" height=\"1300\" width=\"975\" data-animation=\"none\" data-nectar-img-src=\"https:\/\/agraficas.com\/wp-content\/uploads\/2024\/03\/IMG_7022.jpg\" src=\"data:image\/svg+xml;charset=utf-8,%3Csvg%20xmlns%3D'http%3A%2F%2Fwww.w3.org%2F2000%2Fsvg'%20viewBox%3D'0%200%20975%201300'%2F%3E\" alt=\"\" data-nectar-img-srcset=\"https:\/\/agraficas.com\/wp-content\/uploads\/2024\/03\/IMG_7022.jpg 975w, https:\/\/agraficas.com\/wp-content\/uploads\/2024\/03\/IMG_7022-225x300.jpg 225w, https:\/\/agraficas.com\/wp-content\/uploads\/2024\/03\/IMG_7022-768x1024.jpg 768w\" sizes=\"(max-width: 975px) 100vw, 975px\" \/>\n          <\/div>\n        <\/div>\n      <\/div>\n    <\/div><div class=\"img-with-aniamtion-wrap  nectar-el-parallax-scroll\" data-max-width=\"100%\" data-max-width-mobile=\"default\" data-shadow=\"none\" data-animation=\"none\" data-scroll-animation=\"true\" data-scroll-animation-movement=\"transform_y\" data-scroll-animation-mobile=\"\" data-scroll-animation-intensity=\"2\" >\n      <div class=\"inner\">\n        <div class=\"hover-wrap\"> \n          <div class=\"hover-wrap-inner\">\n            <img loading=\"lazy\" decoding=\"async\" class=\"img-with-animation skip-lazy  nectar-lazy\" data-delay=\"0\" height=\"1600\" width=\"1200\" data-animation=\"none\" data-nectar-img-src=\"https:\/\/agraficas.com\/wp-content\/uploads\/2024\/05\/IMG_0069.jpg\" src=\"data:image\/svg+xml;charset=utf-8,%3Csvg%20xmlns%3D'http%3A%2F%2Fwww.w3.org%2F2000%2Fsvg'%20viewBox%3D'0%200%201200%201600'%2F%3E\" alt=\"\" data-nectar-img-srcset=\"https:\/\/agraficas.com\/wp-content\/uploads\/2024\/05\/IMG_0069.jpg 1200w, https:\/\/agraficas.com\/wp-content\/uploads\/2024\/05\/IMG_0069-225x300.jpg 225w, https:\/\/agraficas.com\/wp-content\/uploads\/2024\/05\/IMG_0069-768x1024.jpg 768w, https:\/\/agraficas.com\/wp-content\/uploads\/2024\/05\/IMG_0069-1152x1536.jpg 1152w\" sizes=\"(max-width: 1200px) 100vw, 1200px\" \/>\n          <\/div>\n        <\/div>\n      <\/div>\n    <\/div>\n\t\t<\/div> \n\t<\/div>\n\t<\/div> \n<\/div><\/div>\n\t\t\t<\/div> \n\t\t<\/div>\n\t<\/div> \n\n\t<div  class=\"vc_col-sm-6 wpb_column column_container vc_column_container col no-extra-padding inherit_tablet inherit_phone\"  data-padding-pos=\"all\" data-has-bg-color=\"false\" data-bg-color=\"\" data-bg-opacity=\"1\" data-animation=\"\" data-delay=\"0\" >\n\t\t<div class=\"vc_column-inner\" >\n\t\t\t<div class=\"wpb_wrapper\">\n\t\t\t\t<div class=\"nectar-split-heading\" data-align=\"default\" data-m-align=\"inherit\" data-text-effect=\"default\" data-animation-type=\"line-reveal-by-space\" data-animation-delay=\"0\" data-animation-offset=\"\" data-m-rm-animation=\"\" data-stagger=\"\" data-custom-font-size=\"false\" ><h2 style=\"max-width: 500px; color: #ff2d2d;\">Are you ready to print with the best?<\/h2><\/div><div id=\"fws_69f3d798ada8d\" data-midnight=\"\" data-column-margin=\"default\" class=\"wpb_row vc_row-fluid vc_row inner_row\"  style=\"\"><div class=\"row-bg-wrap\"> <div class=\"row-bg\" ><\/div> <\/div><div class=\"row_col_wrap_12_inner col span_12  left\">\n\t<div  class=\"vc_col-sm-12 wpb_column column_container vc_column_container col child_column has-animation no-extra-padding inherit_tablet inherit_phone\"   data-padding-pos=\"all\" data-has-bg-color=\"false\" data-bg-color=\"\" data-bg-opacity=\"1\" data-animation=\"fade-in-from-bottom\" data-delay=\"0\" >\n\t\t<div class=\"vc_column-inner\" >\n\t\t<div class=\"wpb_wrapper\">\n\t\t\t<div class=\"nectar-cta  alignment_tablet_default alignment_phone_default display_tablet_inherit display_phone_inherit\" data-color=\"accent-color\" data-using-bg=\"true\" data-style=\"curved-arrow-animation\" data-display=\"block\" data-alignment=\"left\" data-text-color=\"custom\" style=\"margin-top: 40px; margin-bottom: 20px; \"><h4 style=\"color: #ffffff;\"><span class=\"link_wrap\" style=\"padding-top: 20px; padding-right: 40px; padding-bottom: 20px; padding-left: 40px;\"><a  class=\"link_text\" role=\"button\" href=\"\"><span class=\"text\">Contact us at<\/span><svg aria-hidden=\"true\" width=\"20\" height=\"20\" viewbox=\"0 0 22 22\" preserveaspectratio=\"xMidYMid meet\">\n      <g transform=\"matrix(1,0,0,-1,12,11)\">\n      <g transform=\"matrix(1,0,0,-1,-1,3)\">\n        <path class=\"line\" stroke-linejoin=\"round\" stroke-linecap=\"round\" fill-opacity=\"0\" stroke=\"#000\" stroke-width=\"1.5\" d=\"M 7 3.3 L -3.2 3.3 C -5 3.3 -6.5 1.8 -6.5 0 L -6.5 -2.5\"><\/path>\n      <\/g>\n      <g transform=\"matrix(1,0,0,-1,4,-0.5)\">\n        <path class=\"arrow\" fill-opacity=\"0\" stroke-linejoin=\"round\" stroke-linecap=\"round\" stroke-width=\"1.5\" stroke=\"#000\" d=\"M -2.5 5 C -2.5 5 2.5 0 2.5 0\"><\/path>\n        <path class=\"arrow\" fill-opacity=\"0\" stroke-linejoin=\"round\" stroke-linecap=\"round\" stroke-width=\"1.5\" stroke=\"#000\" d=\"M -2.5 -5 C -2.5 -5 2.5 0 2.5 0\"><\/path>\n      <\/g>\n      <\/g>\n      <\/svg><\/a><\/span><\/h4><\/div>\n\t\t<\/div> \n\t<\/div>\n\t<\/div> \n<\/div><\/div>\n\t\t\t<\/div> \n\t\t<\/div>\n\t<\/div> \n<\/div><\/div>","protected":false},"excerpt":{"rendered":"La mejor cara de tus productos Flexograf\u00eda Contamos con una amplia variedad de suajes para el dise\u00f1o de su etiqueta. Con la opci\u00f3n de imprimir...","protected":false},"author":1,"featured_media":0,"parent":0,"menu_order":0,"comment_status":"closed","ping_status":"closed","template":"","meta":{"footnotes":""},"class_list":["post-5953","page","type-page","status-publish"],"_links":{"self":[{"href":"https:\/\/agraficas.com\/en\/wp-json\/wp\/v2\/pages\/5953"}],"collection":[{"href":"https:\/\/agraficas.com\/en\/wp-json\/wp\/v2\/pages"}],"about":[{"href":"https:\/\/agraficas.com\/en\/wp-json\/wp\/v2\/types\/page"}],"author":[{"embeddable":true,"href":"https:\/\/agraficas.com\/en\/wp-json\/wp\/v2\/users\/1"}],"replies":[{"embeddable":true,"href":"https:\/\/agraficas.com\/en\/wp-json\/wp\/v2\/comments?post=5953"}],"version-history":[{"count":10,"href":"https:\/\/agraficas.com\/en\/wp-json\/wp\/v2\/pages\/5953\/revisions"}],"predecessor-version":[{"id":6240,"href":"https:\/\/agraficas.com\/en\/wp-json\/wp\/v2\/pages\/5953\/revisions\/6240"}],"wp:attachment":[{"href":"https:\/\/agraficas.com\/en\/wp-json\/wp\/v2\/media?parent=5953"}],"curies":[{"name":"wp","href":"https:\/\/api.w.org\/{rel}","templated":true}]}}